{"id":3273,"date":"2024-10-31T18:24:06","date_gmt":"2024-10-31T18:24:06","guid":{"rendered":"https:\/\/persany.ca\/options-de-paiement\/"},"modified":"2024-11-05T18:11:29","modified_gmt":"2024-11-05T18:11:29","slug":"payment-options","status":"publish","type":"page","link":"https:\/\/persany.ca\/en\/payment-options\/","title":{"rendered":"Payment options"},"content":{"rendered":"\t\t<div data-elementor-type=\"wp-page\" data-elementor-id=\"3273\" class=\"elementor elementor-3273 elementor-2627\">\n\t\t\t\t\t\t<section class=\"elementor-section elementor-top-section elementor-element elementor-element-595c5d16 elementor-section-full_width elementor-section-height-default elementor-section-height-default\" data-id=\"595c5d16\" data-element_type=\"section\" data-settings=\"{&quot;background_background&quot;:&quot;classic&quot;}\">\n\t\t\t\t\t\t\t<div class=\"elementor-background-overlay\"><\/div>\n\t\t\t\t\t\t\t<div class=\"elementor-container elementor-column-gap-default\">\n\t\t\t\t\t<div class=\"elementor-column elementor-col-100 elementor-top-column elementor-element elementor-element-526ce321\" data-id=\"526ce321\" data-element_type=\"column\">\n\t\t\t<div class=\"elementor-widget-wrap elementor-element-populated\">\n\t\t\t\t\t\t<div class=\"elementor-element elementor-element-762f6ba elementor-widget elementor-widget-html\" data-id=\"762f6ba\" data-element_type=\"widget\" data-widget_type=\"html.default\">\n\t\t\t\t<div class=\"elementor-widget-container\">\n\t\t\t\t\t<style>\n    \n    \n    @media screen and (max-width: 972px) {\n        \/*#iframe-medicard {*\/\n        \/*    width: 100%;*\/\n        \/*    height: 5130px!important;*\/\n        \/*    height: 1233vw;*\/\n\n        \/*}*\/\n        \n        .responsive-iframe-container {\n          position: relative;\n          width: 100%;\n          \/*padding-bottom: 1188%; *\/\n           padding-bottom: calc(1195% - 5vw);\n          height: 0;\n          overflow: hidden;\n        }\n        \n        .responsive-iframe-container iframe {\n          position: absolute;\n          top: 0;\n          left: 0;\n          width: 100%;\n          height: 100%;\n          border: none;\n        }\n}\n    \n<\/style>\n<div class=\"responsive-iframe-container\">\n\n<iframe id=\"iframe-medicard\" src=\"https:\/\/ifinancecanada.info\/medicard-payment-plans\" frameborder=\"0\" scrolling=\"no\" height=\"2900\"><\/iframe>\n\n\n<\/div>\t\t\t\t<\/div>\n\t\t\t\t<\/div>\n\t\t\t\t\t<\/div>\n\t\t<\/div>\n\t\t\t\t\t<\/div>\n\t\t<\/section>\n\t\t\t\t<\/div>\n\t\t","protected":false},"excerpt":{"rendered":"","protected":false},"author":2,"featured_media":0,"parent":0,"menu_order":0,"comment_status":"closed","ping_status":"closed","template":"","meta":{"_coblocks_attr":"","_coblocks_dimensions":"","_coblocks_responsive_height":"","_coblocks_accordion_ie_support":"","footnotes":""},"class_list":["post-3273","page","type-page","status-publish","hentry"],"yoast_head":"<!-- This site is optimized with the Yoast SEO plugin v24.5 - https:\/\/yoast.com\/wordpress\/plugins\/seo\/ -->\n<title>Payment options - Persany | Medical aesthetic clinic<\/title>\n<meta name=\"description\" content=\"Discover flexible financing options with Medicard at Persany. Access our medical-aesthetic treatments without compromising your budget.\" \/>\n<meta name=\"robots\" content=\"index, follow, max-snippet:-1, max-image-preview:large, max-video-preview:-1\" \/>\n<link rel=\"canonical\" href=\"https:\/\/persany.ca\/en\/payment-options\/\" \/>\n<meta property=\"og:locale\" content=\"en_US\" \/>\n<meta property=\"og:type\" content=\"article\" \/>\n<meta property=\"og:title\" content=\"Payment options - Persany | Medical aesthetic clinic\" \/>\n<meta property=\"og:description\" content=\"Discover flexible financing options with Medicard at Persany. Access our medical-aesthetic treatments without compromising your budget.\" \/>\n<meta property=\"og:url\" content=\"https:\/\/persany.ca\/en\/payment-options\/\" \/>\n<meta property=\"og:site_name\" content=\"Persany | Clinique m\u00e9dico-esth\u00e9tique\" \/>\n<meta property=\"article:modified_time\" content=\"2024-11-05T18:11:29+00:00\" \/>\n<meta name=\"twitter:card\" content=\"summary_large_image\" \/>\n<script type=\"application\/ld+json\" class=\"yoast-schema-graph\">{\"@context\":\"https:\/\/schema.org\",\"@graph\":[{\"@type\":\"WebPage\",\"@id\":\"https:\/\/persany.ca\/en\/payment-options\/\",\"url\":\"https:\/\/persany.ca\/en\/payment-options\/\",\"name\":\"Payment options - Persany | Medical aesthetic clinic\",\"isPartOf\":{\"@id\":\"https:\/\/persany.ca\/#website\"},\"datePublished\":\"2024-10-31T18:24:06+00:00\",\"dateModified\":\"2024-11-05T18:11:29+00:00\",\"description\":\"Discover flexible financing options with Medicard at Persany. Access our medical-aesthetic treatments without compromising your budget.\",\"breadcrumb\":{\"@id\":\"https:\/\/persany.ca\/en\/payment-options\/#breadcrumb\"},\"inLanguage\":\"en-US\",\"potentialAction\":[{\"@type\":\"ReadAction\",\"target\":[\"https:\/\/persany.ca\/en\/payment-options\/\"]}]},{\"@type\":\"BreadcrumbList\",\"@id\":\"https:\/\/persany.ca\/en\/payment-options\/#breadcrumb\",\"itemListElement\":[{\"@type\":\"ListItem\",\"position\":1,\"name\":\"Accueil\",\"item\":\"https:\/\/persany.ca\/en\/\"},{\"@type\":\"ListItem\",\"position\":2,\"name\":\"Payment options\"}]},{\"@type\":\"WebSite\",\"@id\":\"https:\/\/persany.ca\/#website\",\"url\":\"https:\/\/persany.ca\/\",\"name\":\"Persany | Clinique m\u00e9dico-esth\u00e9tique\",\"description\":\"Clinique m\u00e9dico-esth\u00e9tique\",\"potentialAction\":[{\"@type\":\"SearchAction\",\"target\":{\"@type\":\"EntryPoint\",\"urlTemplate\":\"https:\/\/persany.ca\/?s={search_term_string}\"},\"query-input\":{\"@type\":\"PropertyValueSpecification\",\"valueRequired\":true,\"valueName\":\"search_term_string\"}}],\"inLanguage\":\"en-US\"}]}<\/script>\n<!-- \/ Yoast SEO plugin. -->","yoast_head_json":{"title":"Payment options - Persany | Medical aesthetic clinic","description":"Discover flexible financing options with Medicard at Persany. Access our medical-aesthetic treatments without compromising your budget.","robots":{"index":"index","follow":"follow","max-snippet":"max-snippet:-1","max-image-preview":"max-image-preview:large","max-video-preview":"max-video-preview:-1"},"canonical":"https:\/\/persany.ca\/en\/payment-options\/","og_locale":"en_US","og_type":"article","og_title":"Payment options - Persany | Medical aesthetic clinic","og_description":"Discover flexible financing options with Medicard at Persany. Access our medical-aesthetic treatments without compromising your budget.","og_url":"https:\/\/persany.ca\/en\/payment-options\/","og_site_name":"Persany | Clinique m\u00e9dico-esth\u00e9tique","article_modified_time":"2024-11-05T18:11:29+00:00","twitter_card":"summary_large_image","schema":{"@context":"https:\/\/schema.org","@graph":[{"@type":"WebPage","@id":"https:\/\/persany.ca\/en\/payment-options\/","url":"https:\/\/persany.ca\/en\/payment-options\/","name":"Payment options - Persany | Medical aesthetic clinic","isPartOf":{"@id":"https:\/\/persany.ca\/#website"},"datePublished":"2024-10-31T18:24:06+00:00","dateModified":"2024-11-05T18:11:29+00:00","description":"Discover flexible financing options with Medicard at Persany. Access our medical-aesthetic treatments without compromising your budget.","breadcrumb":{"@id":"https:\/\/persany.ca\/en\/payment-options\/#breadcrumb"},"inLanguage":"en-US","potentialAction":[{"@type":"ReadAction","target":["https:\/\/persany.ca\/en\/payment-options\/"]}]},{"@type":"BreadcrumbList","@id":"https:\/\/persany.ca\/en\/payment-options\/#breadcrumb","itemListElement":[{"@type":"ListItem","position":1,"name":"Accueil","item":"https:\/\/persany.ca\/en\/"},{"@type":"ListItem","position":2,"name":"Payment options"}]},{"@type":"WebSite","@id":"https:\/\/persany.ca\/#website","url":"https:\/\/persany.ca\/","name":"Persany | Clinique m\u00e9dico-esth\u00e9tique","description":"Clinique m\u00e9dico-esth\u00e9tique","potentialAction":[{"@type":"SearchAction","target":{"@type":"EntryPoint","urlTemplate":"https:\/\/persany.ca\/?s={search_term_string}"},"query-input":{"@type":"PropertyValueSpecification","valueRequired":true,"valueName":"search_term_string"}}],"inLanguage":"en-US"}]}},"_links":{"self":[{"href":"https:\/\/persany.ca\/en\/wp-json\/wp\/v2\/pages\/3273","targetHints":{"allow":["GET"]}}],"collection":[{"href":"https:\/\/persany.ca\/en\/wp-json\/wp\/v2\/pages"}],"about":[{"href":"https:\/\/persany.ca\/en\/wp-json\/wp\/v2\/types\/page"}],"author":[{"embeddable":true,"href":"https:\/\/persany.ca\/en\/wp-json\/wp\/v2\/users\/2"}],"replies":[{"embeddable":true,"href":"https:\/\/persany.ca\/en\/wp-json\/wp\/v2\/comments?post=3273"}],"version-history":[{"count":10,"href":"https:\/\/persany.ca\/en\/wp-json\/wp\/v2\/pages\/3273\/revisions"}],"predecessor-version":[{"id":3719,"href":"https:\/\/persany.ca\/en\/wp-json\/wp\/v2\/pages\/3273\/revisions\/3719"}],"wp:attachment":[{"href":"https:\/\/persany.ca\/en\/wp-json\/wp\/v2\/media?parent=3273"}],"curies":[{"name":"wp","href":"https:\/\/api.w.org\/{rel}","templated":true}]}}