{"id":3731,"date":"2024-11-07T21:09:26","date_gmt":"2024-11-07T21:09:26","guid":{"rendered":"https:\/\/persany.ca\/?page_id=3731"},"modified":"2024-11-11T19:22:07","modified_gmt":"2024-11-11T19:22:07","slug":"free-consultation","status":"publish","type":"page","link":"https:\/\/persany.ca\/en\/free-consultation\/","title":{"rendered":"free consultation"},"content":{"rendered":"\t\t<div data-elementor-type=\"wp-page\" data-elementor-id=\"3731\" class=\"elementor elementor-3731 elementor-3730\">\n\t\t\t\t\t\t<section class=\"elementor-section elementor-top-section elementor-element elementor-element-7180d48 elementor-reverse-mobile elementor-section-boxed elementor-section-height-default elementor-section-height-default\" data-id=\"7180d48\" data-element_type=\"section\">\n\t\t\t\t\t\t<div class=\"elementor-container elementor-column-gap-default\">\n\t\t\t\t\t<div class=\"elementor-column elementor-col-100 elementor-top-column elementor-element elementor-element-1257003\" data-id=\"1257003\" data-element_type=\"column\">\n\t\t\t<div class=\"elementor-widget-wrap elementor-element-populated\">\n\t\t\t\t\t\t<div class=\"elementor-element elementor-element-9311ce4 elementor-invisible elementor-widget elementor-widget-heading\" data-id=\"9311ce4\" data-element_type=\"widget\" data-settings=\"{&quot;_animation&quot;:&quot;fadeInUp&quot;,&quot;_animation_delay&quot;:&quot;200&quot;}\" data-widget_type=\"heading.default\">\n\t\t\t\t<div class=\"elementor-widget-container\">\n\t\t\t\t\t<h2 class=\"elementor-heading-title elementor-size-default\">Get your<br> <b>Free Consultation<\/b> today<\/h2>\t\t\t\t<\/div>\n\t\t\t\t<\/div>\n\t\t\t\t<div class=\"elementor-element elementor-element-4077e64 bdt-formidable-forms-button-full-width elementor-widget elementor-widget-bdt-formidable-forms\" data-id=\"4077e64\" data-element_type=\"widget\" data-widget_type=\"bdt-formidable-forms.default\">\n\t\t\t\t<div class=\"elementor-widget-container\">\n\t\t\t\t\t\n\t\t<div class=\"bdt-formidable-forms\">\n\n\t\t\t<div class=\"frm_forms  with_frm_style frm_style_style-formidable\" id=\"frm_form_5_container\" >\n<form enctype=\"multipart\/form-data\" method=\"post\" class=\"frm-show-form \" id=\"form_contact-form23\" >\n<div class=\"frm_form_fields \">\n<fieldset>\n<legend class=\"frm_screen_reader\">Conversion contact form<\/legend>\r\n\r\n<div class=\"frm_fields_container\">\n<input type=\"hidden\" name=\"frm_action\" value=\"create\" \/>\n<input type=\"hidden\" name=\"form_id\" value=\"5\" \/>\n<input type=\"hidden\" name=\"frm_hide_fields_5\" id=\"frm_hide_fields_5\" value=\"\" \/>\n<input type=\"hidden\" name=\"form_key\" value=\"contact-form23\" \/>\n<input type=\"hidden\" name=\"item_meta[0]\" value=\"\" \/>\n<input type=\"hidden\" id=\"frm_submit_entry_5\" name=\"frm_submit_entry_5\" value=\"46dd36f8a1\" \/><input type=\"hidden\" name=\"_wp_http_referer\" value=\"\/en\/wp-json\/wp\/v2\/pages\/3731\" \/><div id=\"frm_field_36_container\" class=\"frm_form_field form-field  frm_required_field frm_top_container frm6 frm_first\">\r\n\t<label for=\"field_qh4icy5\" id=\"field_qh4icy5_label\" class=\"frm_primary_label\">Full name\r\n\t\t<span class=\"frm_required\" aria-hidden=\"true\">*<\/span>\r\n\t<\/label>\r\n\t<input type=\"text\" id=\"field_qh4icy5\" name=\"item_meta[36]\" value=\"\"  placeholder=\"First and last name\" data-reqmsg=\"Full name ne peut pas \u00eatre vide.\" aria-required=\"true\" data-invmsg=\"Full name est non valide\" aria-invalid=\"false\"  \/>\r\n\t\r\n\t\r\n<\/div>\n<div id=\"frm_field_37_container\" class=\"frm_form_field form-field  frm_required_field frm_top_container frm6\">\r\n\t<label for=\"field_vuv1u5\" id=\"field_vuv1u5_label\" class=\"frm_primary_label\">Phone\r\n\t\t<span class=\"frm_required\" aria-hidden=\"true\">*<\/span>\r\n\t<\/label>\r\n\t<input type=\"tel\" id=\"field_vuv1u5\" name=\"item_meta[37]\" value=\"\"  placeholder=\"Phone\" data-reqmsg=\"Phone ne peut pas \u00eatre vide.\" aria-required=\"true\" data-invmsg=\"Phone est non valide\" aria-invalid=\"false\" pattern=\"((\\+\\d{1,3}(-|.| )?\\(?\\d\\)?(-| |.)?\\d{1,5})|(\\(?\\d{2,6}\\)?))(-|.| )?(\\d{3,4})(-|.| )?(\\d{4})(( x| ext)\\d{1,5}){0,1}$\"  \/>\r\n\t\r\n\t\r\n<\/div>\n<div id=\"frm_field_38_container\" class=\"frm_form_field form-field  frm_required_field frm_top_container frm6 frm_first\">\r\n\t<label for=\"field_29yf4d5\" id=\"field_29yf4d5_label\" class=\"frm_primary_label\">E-mail\r\n\t\t<span class=\"frm_required\" aria-hidden=\"true\">*<\/span>\r\n\t<\/label>\r\n\t<input type=\"email\" id=\"field_29yf4d5\" name=\"item_meta[38]\" value=\"\"  placeholder=\"Email\" data-reqmsg=\"E-mail ne peut pas \u00eatre vide.\" aria-required=\"true\" data-invmsg=\"Please enter a valid email address\" aria-invalid=\"false\"  \/>\r\n\t\r\n\t\r\n<\/div>\n<div id=\"frm_field_39_container\" class=\"frm_form_field form-field  frm_required_field frm_top_container frm6\">\r\n\t<label for=\"field_fun995\" id=\"field_fun995_label\" class=\"frm_primary_label\">Which treatment would you like?\r\n\t\t<span class=\"frm_required\" aria-hidden=\"true\">*<\/span>\r\n\t<\/label>\r\n\t\t\t<select name=\"item_meta[39]\" id=\"field_fun995\"  data-reqmsg=\"Which treatment would you like? ne peut pas \u00eatre vide.\" aria-required=\"true\" data-invmsg=\"Which treatment would you like? is invalid\" aria-invalid=\"false\"  >\n\t\t<option  value=\"Choose a treatment\">Choose a treatment<\/option><option  value=\"Hydrafacial\">Hydrafacial<\/option><option  value=\"Peeling\">Peeling<\/option><option  value=\"Microneedling\">Microneedling<\/option><option  value=\"Light Therapy\">Light Therapy<\/option><option  value=\"Mesotherapy\">Mesotherapy<\/option><option  value=\"IPL Lumecca\">IPL Lumecca<\/option><option  value=\"Injectable (Skin Booster, filler agent)\">Injectable (Skin Booster, filler agent)<\/option><option  value=\"Collagen mask\">Collagen mask<\/option><option  value=\"Morpheus\">Morpheus<\/option><option  value=\"Radiance boosts\">Radiance boosts<\/option><option  value=\"Semi-permanent makeup\">Semi-permanent makeup<\/option><option  value=\"Keravive\">Keravive<\/option><option  value=\"Laser hair removal\">Laser hair removal<\/option><option  value=\"Electrolysis\">Electrolysis<\/option><option  value=\"Fractional plasma\">Fractional plasma<\/option><option  value=\"Forma (Radiofrequency)\">Forma (Radiofrequency)<\/option><option  value=\"Thermocoagulation\">Thermocoagulation<\/option><option  value=\"Evolve X\">Evolve X<\/option><option  value=\"Lymphatic drainage\">Lymphatic drainage<\/option><option  value=\"I don\u2019t know\">I don\u2019t know<\/option>\t<\/select>\n\t\r\n\t\r\n\t\r\n<\/div>\n<div id=\"frm_field_42_container\" class=\"frm_form_field form-field  frm_none_container\">\r\n\t<label for=\"g-recaptcha-response\" id=\"field_wr9mu3_label\" class=\"frm_primary_label\">Captcha\r\n\t\t<span class=\"frm_required\" aria-hidden=\"true\"><\/span>\r\n\t<\/label>\r\n\t<div  id=\"field_wr9mu3\" class=\"frm-g-recaptcha\" data-sitekey=\"6LflYnUqAAAAAOBfQrhYtiP8Catr4HOTJFz4HvoU\" data-size=\"invisible\" data-theme=\"light\"><\/div>\r\n\t\r\n\t\r\n<\/div>\n<div id=\"frm_field_43_container\" class=\"frm_form_field form-field \">\r\n\t<div class=\"frm_submit frm_flex\">\r\n<button class=\"frm_button_submit\" type=\"submit\"  >Submit<\/button>\r\n\r\n\r\n\r\n<\/div>\r\n<\/div>\n\t<input type=\"hidden\" name=\"item_key\" value=\"\" \/>\n\t\t\t\t<div class=\"frm__67093d50bec2a\">\n\t\t\t\t<label for=\"frm_email_5\" >\n\t\t\t\t\tIf you are human, leave this field blank.\t\t\t\t<\/label>\n\t\t\t\t<input  id=\"frm_email_5\" type=\"text\" class=\"frm_verify\" name=\"frm__67093d50bec2a\" value=\"\" autocomplete=\"off\"  \/>\n\t\t\t<\/div>\n\t\t<\/div>\n<\/fieldset>\n<\/div>\n\n<\/form>\n<\/div>\n\n\t\t<\/div>\n\n\t\t\t\t\t\t<\/div>\n\t\t\t\t<\/div>\n\t\t\t\t\t<\/div>\n\t\t<\/div>\n\t\t\t\t\t<\/div>\n\t\t<\/section>\n\t\t\t\t<\/div>\n\t\t","protected":false},"excerpt":{"rendered":"<p>Get your Free Consultation today<\/p>\n","protected":false},"author":3,"featured_media":0,"parent":0,"menu_order":0,"comment_status":"closed","ping_status":"closed","template":"","meta":{"_coblocks_attr":"","_coblocks_dimensions":"","_coblocks_responsive_height":"","_coblocks_accordion_ie_support":"","footnotes":""},"class_list":["post-3731","page","type-page","status-publish","hentry"],"yoast_head":"<!-- This site is optimized with the Yoast SEO plugin v24.5 - https:\/\/yoast.com\/wordpress\/plugins\/seo\/ -->\n<title>free consultation - Persany | Medical aesthetic clinic<\/title>\n<meta name=\"description\" content=\"Contact Clinique Persany for personalized medical aesthetic care. Our team of experts is ready to answer your questions and offer you a free consultation. Book your appointment today!\" \/>\n<meta name=\"robots\" content=\"index, follow, max-snippet:-1, max-image-preview:large, max-video-preview:-1\" \/>\n<link rel=\"canonical\" href=\"https:\/\/persany.ca\/demande-de-rendez-vous\/\" \/>\n<meta property=\"og:locale\" content=\"en_US\" \/>\n<meta property=\"og:type\" content=\"article\" \/>\n<meta property=\"og:title\" content=\"free consultation - Persany | Medical aesthetic clinic\" \/>\n<meta property=\"og:description\" content=\"Contact Clinique Persany for personalized medical aesthetic care. Our team of experts is ready to answer your questions and offer you a free consultation. Book your appointment today!\" \/>\n<meta property=\"og:url\" content=\"https:\/\/persany.ca\/demande-de-rendez-vous\/\" \/>\n<meta property=\"og:site_name\" content=\"Persany | Clinique m\u00e9dico-esth\u00e9tique\" \/>\n<meta property=\"article:modified_time\" content=\"2024-11-11T19:22:07+00:00\" \/>\n<meta name=\"twitter:card\" content=\"summary_large_image\" \/>\n<meta name=\"twitter:label1\" content=\"Est. reading time\" \/>\n\t<meta name=\"twitter:data1\" content=\"1 minute\" \/>\n<script type=\"application\/ld+json\" class=\"yoast-schema-graph\">{\"@context\":\"https:\/\/schema.org\",\"@graph\":[{\"@type\":\"WebPage\",\"@id\":\"https:\/\/persany.ca\/demande-de-rendez-vous\/\",\"url\":\"https:\/\/persany.ca\/demande-de-rendez-vous\/\",\"name\":\"free consultation - Persany | Medical aesthetic clinic\",\"isPartOf\":{\"@id\":\"https:\/\/persany.ca\/#website\"},\"datePublished\":\"2024-11-07T21:09:26+00:00\",\"dateModified\":\"2024-11-11T19:22:07+00:00\",\"description\":\"Contact Clinique Persany for personalized medical aesthetic care. Our team of experts is ready to answer your questions and offer you a free consultation. Book your appointment today!\",\"breadcrumb\":{\"@id\":\"https:\/\/persany.ca\/demande-de-rendez-vous\/#breadcrumb\"},\"inLanguage\":\"en-US\",\"potentialAction\":[{\"@type\":\"ReadAction\",\"target\":[\"https:\/\/persany.ca\/demande-de-rendez-vous\/\"]}]},{\"@type\":\"BreadcrumbList\",\"@id\":\"https:\/\/persany.ca\/demande-de-rendez-vous\/#breadcrumb\",\"itemListElement\":[{\"@type\":\"ListItem\",\"position\":1,\"name\":\"Accueil\",\"item\":\"https:\/\/persany.ca\/en\/\"},{\"@type\":\"ListItem\",\"position\":2,\"name\":\"free consultation\"}]},{\"@type\":\"WebSite\",\"@id\":\"https:\/\/persany.ca\/#website\",\"url\":\"https:\/\/persany.ca\/\",\"name\":\"Persany | Clinique m\u00e9dico-esth\u00e9tique\",\"description\":\"Clinique m\u00e9dico-esth\u00e9tique\",\"potentialAction\":[{\"@type\":\"SearchAction\",\"target\":{\"@type\":\"EntryPoint\",\"urlTemplate\":\"https:\/\/persany.ca\/?s={search_term_string}\"},\"query-input\":{\"@type\":\"PropertyValueSpecification\",\"valueRequired\":true,\"valueName\":\"search_term_string\"}}],\"inLanguage\":\"en-US\"}]}<\/script>\n<!-- \/ Yoast SEO plugin. -->","yoast_head_json":{"title":"free consultation - Persany | Medical aesthetic clinic","description":"Contact Clinique Persany for personalized medical aesthetic care. Our team of experts is ready to answer your questions and offer you a free consultation. Book your appointment today!","robots":{"index":"index","follow":"follow","max-snippet":"max-snippet:-1","max-image-preview":"max-image-preview:large","max-video-preview":"max-video-preview:-1"},"canonical":"https:\/\/persany.ca\/demande-de-rendez-vous\/","og_locale":"en_US","og_type":"article","og_title":"free consultation - Persany | Medical aesthetic clinic","og_description":"Contact Clinique Persany for personalized medical aesthetic care. Our team of experts is ready to answer your questions and offer you a free consultation. Book your appointment today!","og_url":"https:\/\/persany.ca\/demande-de-rendez-vous\/","og_site_name":"Persany | Clinique m\u00e9dico-esth\u00e9tique","article_modified_time":"2024-11-11T19:22:07+00:00","twitter_card":"summary_large_image","twitter_misc":{"Est. reading time":"1 minute"},"schema":{"@context":"https:\/\/schema.org","@graph":[{"@type":"WebPage","@id":"https:\/\/persany.ca\/demande-de-rendez-vous\/","url":"https:\/\/persany.ca\/demande-de-rendez-vous\/","name":"free consultation - Persany | Medical aesthetic clinic","isPartOf":{"@id":"https:\/\/persany.ca\/#website"},"datePublished":"2024-11-07T21:09:26+00:00","dateModified":"2024-11-11T19:22:07+00:00","description":"Contact Clinique Persany for personalized medical aesthetic care. Our team of experts is ready to answer your questions and offer you a free consultation. Book your appointment today!","breadcrumb":{"@id":"https:\/\/persany.ca\/demande-de-rendez-vous\/#breadcrumb"},"inLanguage":"en-US","potentialAction":[{"@type":"ReadAction","target":["https:\/\/persany.ca\/demande-de-rendez-vous\/"]}]},{"@type":"BreadcrumbList","@id":"https:\/\/persany.ca\/demande-de-rendez-vous\/#breadcrumb","itemListElement":[{"@type":"ListItem","position":1,"name":"Accueil","item":"https:\/\/persany.ca\/en\/"},{"@type":"ListItem","position":2,"name":"free consultation"}]},{"@type":"WebSite","@id":"https:\/\/persany.ca\/#website","url":"https:\/\/persany.ca\/","name":"Persany | Clinique m\u00e9dico-esth\u00e9tique","description":"Clinique m\u00e9dico-esth\u00e9tique","potentialAction":[{"@type":"SearchAction","target":{"@type":"EntryPoint","urlTemplate":"https:\/\/persany.ca\/?s={search_term_string}"},"query-input":{"@type":"PropertyValueSpecification","valueRequired":true,"valueName":"search_term_string"}}],"inLanguage":"en-US"}]}},"_links":{"self":[{"href":"https:\/\/persany.ca\/en\/wp-json\/wp\/v2\/pages\/3731","targetHints":{"allow":["GET"]}}],"collection":[{"href":"https:\/\/persany.ca\/en\/wp-json\/wp\/v2\/pages"}],"about":[{"href":"https:\/\/persany.ca\/en\/wp-json\/wp\/v2\/types\/page"}],"author":[{"embeddable":true,"href":"https:\/\/persany.ca\/en\/wp-json\/wp\/v2\/users\/3"}],"replies":[{"embeddable":true,"href":"https:\/\/persany.ca\/en\/wp-json\/wp\/v2\/comments?post=3731"}],"version-history":[{"count":15,"href":"https:\/\/persany.ca\/en\/wp-json\/wp\/v2\/pages\/3731\/revisions"}],"predecessor-version":[{"id":4028,"href":"https:\/\/persany.ca\/en\/wp-json\/wp\/v2\/pages\/3731\/revisions\/4028"}],"wp:attachment":[{"href":"https:\/\/persany.ca\/en\/wp-json\/wp\/v2\/media?parent=3731"}],"curies":[{"name":"wp","href":"https:\/\/api.w.org\/{rel}","templated":true}]}}